{"id":38,"date":"2021-04-22T17:31:29","date_gmt":"2021-04-22T17:31:29","guid":{"rendered":"https:\/\/maminatura.com\/?post_type=product&#038;p=38"},"modified":"2023-05-17T00:04:13","modified_gmt":"2023-05-17T00:04:13","slug":"curso-baby-led-weaning","status":"publish","type":"product","link":"https:\/\/maminatura.com\/index.php\/producto\/curso-baby-led-weaning\/","title":{"rendered":"Curso Baby Led Weaning"},"content":{"rendered":"<p>Durante a\u00f1os, \u00e9ste ha sido un curso gratuito BLW online. Esto ha permitido que m\u00e1s de 15.000 familias y profesionales puedan conocer y llevar a cabo el m\u00e9todo de la alimentaci\u00f3n autorregulada Baby Led Weaning de manera responsable y segura.<\/p>\n<p>Son esas mismas personas las que, calific\u00e1ndolo como excelente, lo han recomendado una y otra vez a sus pacientes, amigos y familiares, haciendo que llegue a un sinf\u00edn de rincones del mundo. Sobra decir lo feliz y satisfecha de mi trabajo que me siento por ello \ud83d\ude42<\/p>\n<p>Hace unas semanas el servidor OVH, en el que se alojaba el blog y los cursos online, se quem\u00f3 y nos dej\u00f3 sin opciones de recuperaci\u00f3n a miles de espacios web en toda Europa. Es por esto que no tengo manera de recuperar y seguir ofreciendo el espacio tal cual estaba, de forma gratuita, pues ello conlleva cierta inversi\u00f3n econ\u00f3mica y de tiempo del que ahora no dispongo. As\u00ed pues, la \u00fanica manera que tengo hoy a mi alcance para que el curso BLW siga estando disponible, es ofreceros la versi\u00f3n imprimible que siempre he ofertado a un precio simb\u00f3lico.<\/p>\n<p>No dejes que el bajo precio de este curso te confunda: Este es un curso muy completo que te ayudar\u00e1, sin duda, igual o m\u00e1s que otros valorados en m\u00e1s dinero. El \u00fanico motivo por el que, probablemente, este sea el curso online BLW m\u00e1s barato que encuentres por la red, es porque pretendo que el aspecto econ\u00f3mico jam\u00e1s pueda suponer un obst\u00e1culo para todo aquel que quiera acceder a esta valiosa formaci\u00f3n.<\/p>\n<p style=\"text-align: justify;\">\n","protected":false},"excerpt":{"rendered":"<p style=\"text-align: justify;\">El per\u00edodo de alimentaci\u00f3n complementaria, como tantas otras, es una gran etapa en la vida de los ni\u00f1os y merece la pena disfrutarla en familia en lugar de vivirla bajo presi\u00f3n, porque no se trata de lo que coman sino de que aprendan a comer. Por eso, desde http:\/\/www.maminatura.com pretendemos demostrar que tambi\u00e9n en el \u00e1mbito nutricional la crianza respetuosa es posible y lo hacemos a trav\u00e9s de este curso online centrado en el Baby Led Weaning. El BLW es m\u00e1s que alimentaci\u00f3n autorregulada, es mucho m\u00e1s que nutrici\u00f3n.<\/p>\n<p style=\"text-align: justify;\">Es, entre otras cosas, diversi\u00f3n, exploraci\u00f3n, independencia y, sobre todo, respeto para nuestro beb\u00e9. \u00bfQu\u00e9 hago si s\u00f3lo juega con la comida? \u00bfCubrir\u00e1 sus necesidades nutricionales? \u00bfEs un m\u00e9todo seguro? A lo largo de este curso profundizaremos de manera global en el m\u00e9todo y responderemos a esas y otras muchas cuestiones que habitualmente se presentan cuando una familia se plantea practicarlo o ya ha comenzado a hacerlo.<\/p>\n<p style=\"text-align: justify;\">No se requieren conocimientos previos, ya que partiendo de cero y en base a las recomendaciones oficiales, iremos profundizando de manera progresiva y desarrollando los conceptos y fundamentos cient\u00edficos que respaldan al BLW. Adem\u00e1s el curso incluye trucos, consejos, ejemplos, recetas y mucho m\u00e1s en relaci\u00f3n con la alimentaci\u00f3n de los peque\u00f1os, siempre desde un punto de vista flexible y respetuoso a las necesidades de cada familia.<\/p>\n<p>&nbsp;<\/p>\n","protected":false},"featured_media":90,"comment_status":"open","ping_status":"closed","template":"","meta":[],"product_brand":[],"product_cat":[17],"product_tag":[],"class_list":{"0":"post-38","1":"product","2":"type-product","3":"status-publish","4":"has-post-thumbnail","6":"product_cat-cursos-online","8":"first","9":"instock","10":"downloadable","11":"shipping-taxable","12":"purchasable","13":"product-type-simple"},"_links":{"self":[{"href":"https:\/\/maminatura.com\/index.php\/wp-json\/wp\/v2\/product\/38","targetHints":{"allow":["GET"]}}],"collection":[{"href":"https:\/\/maminatura.com\/index.php\/wp-json\/wp\/v2\/product"}],"about":[{"href":"https:\/\/maminatura.com\/index.php\/wp-json\/wp\/v2\/types\/product"}],"replies":[{"embeddable":true,"href":"https:\/\/maminatura.com\/index.php\/wp-json\/wp\/v2\/comments?post=38"}],"wp:featuredmedia":[{"embeddable":true,"href":"https:\/\/maminatura.com\/index.php\/wp-json\/wp\/v2\/media\/90"}],"wp:attachment":[{"href":"https:\/\/maminatura.com\/index.php\/wp-json\/wp\/v2\/media?parent=38"}],"wp:term":[{"taxonomy":"product_brand","embeddable":true,"href":"https:\/\/maminatura.com\/index.php\/wp-json\/wp\/v2\/product_brand?post=38"},{"taxonomy":"product_cat","embeddable":true,"href":"https:\/\/maminatura.com\/index.php\/wp-json\/wp\/v2\/product_cat?post=38"},{"taxonomy":"product_tag","embeddable":true,"href":"https:\/\/maminatura.com\/index.php\/wp-json\/wp\/v2\/product_tag?post=38"}],"curies":[{"name":"wp","href":"https:\/\/api.w.org\/{rel}","templated":true}]}}