{"id":18,"date":"2021-04-22T16:59:22","date_gmt":"2021-04-22T16:59:22","guid":{"rendered":"https:\/\/maminatura.com\/?page_id=18"},"modified":"2022-01-29T14:51:07","modified_gmt":"2022-01-29T14:51:07","slug":"curso-online-blw","status":"publish","type":"page","link":"https:\/\/maminatura.com\/","title":{"rendered":"Curso online &#8211; Baby Led Weaning"},"content":{"rendered":"<div class=\"wp-block-image\"><figure class=\"aligncenter\"><img decoding=\"async\" src=\"https:\/\/eresmama.com\/wp-content\/uploads\/2017\/12\/bebe-comiendo-solo-500x334.jpg\" alt=\"El m\u00e9todo ACS o BLW Baby-led weaning: \u00bfdejar que el ni\u00f1o aprenda a comer  solo? - Eres Mam\u00e1\"\/><\/figure><\/div><p class=\"has-text-align-center\">Durante a\u00f1os, \u00e9ste ha sido un <strong>curso gratuito BLW online<\/strong>. Esto ha permitido que m\u00e1s de 15.000 familias y profesionales puedan conocer y llevar a cabo el <strong>m\u00e9todo de la alimentaci\u00f3n autorregulada Baby Led Weaning<\/strong> de manera responsable y segura.<\/p><p class=\"has-text-align-center\">Son esas mismas personas las que, calific\u00e1ndolo como excelente, lo han recomendado una y otra vez a sus pacientes, amigos y familiares, haciendo que llegue a un sinf\u00edn de rincones del mundo. Sobra decir lo feliz y satisfecha que me siento por ello&nbsp;\ud83d\ude42 <\/p><p class=\"has-text-align-center\">Hace unas semanas el servidor OVH, en el que se alojaba el blog y los cursos online, se quem\u00f3 y nos dej\u00f3 sin opciones de recuperaci\u00f3n a miles de espacios web en toda Europa. Es por esto que no tengo manera de recuperar y seguir ofreciendo el espacio tal cual estaba, de forma gratuita, pues ello conlleva cierta inversi\u00f3n econ\u00f3mica y de tiempo del que ahora no dispongo. As\u00ed pues, la \u00fanica manera que tengo hoy a mi alcance para que el <strong>curso BLW<\/strong> siga estando disponible, es ofreceros la versi\u00f3n imprimible que siempre he ofertado a un precio simb\u00f3lico.<\/p><p class=\"has-text-align-center\">No dejes que el bajo precio de este curso te confunda: Este es un curso muy completo que te ayudar\u00e1, sin duda, igual o m\u00e1s que otros valorados en m\u00e1s dinero. El \u00fanico motivo por el que, probablemente, este sea el <strong>curso online BLW m\u00e1s barato<\/strong> que encuentres por la red, es porque pretendo que el aspecto econ\u00f3mico jam\u00e1s pueda suponer un obst\u00e1culo para todo aquel que quiera acceder a esta valiosa formaci\u00f3n.<\/p><hr class=\"wp-block-separator\"\/><div data-block-name=\"woocommerce\/handpicked-products\" data-columns=\"1\" data-products=\"[38]\" class=\"wc-block-grid wp-block-handpicked-products wp-block-woocommerce-handpicked-products wc-block-handpicked-products has-1-columns has-multiple-rows\"><ul class=\"wc-block-grid__products\"><li class=\"wc-block-grid__product\">\n\t\t\t\t<a href=\"https:\/\/maminatura.com\/index.php\/producto\/curso-baby-led-weaning\/\" class=\"wc-block-grid__product-link\">\n\t\t\t\t\t\n\t\t\t\t\t<div class=\"wc-block-grid__product-image\"><img loading=\"lazy\" decoding=\"async\" width=\"300\" height=\"300\" src=\"https:\/\/maminatura.com\/wp-content\/uploads\/2021\/04\/curso-online-baby-led-weaning-300x300.jpg\" class=\"attachment-woocommerce_thumbnail size-woocommerce_thumbnail\" alt=\"Curso Baby Led Weaning\" srcset=\"https:\/\/maminatura.com\/wp-content\/uploads\/2021\/04\/curso-online-baby-led-weaning-300x300.jpg 300w, https:\/\/maminatura.com\/wp-content\/uploads\/2021\/04\/curso-online-baby-led-weaning-150x150.jpg 150w, https:\/\/maminatura.com\/wp-content\/uploads\/2021\/04\/curso-online-baby-led-weaning-100x100.jpg 100w\" sizes=\"auto, (max-width: 300px) 100vw, 300px\" \/><\/div>\n\t\t\t\t\t<div class=\"wc-block-grid__product-title\">Curso Baby Led Weaning<\/div>\n\t\t\t\t<\/a>\n\t\t\t\t<div class=\"wc-block-grid__product-price price\"><span class=\"woocommerce-Price-amount amount\">4,00<span class=\"woocommerce-Price-currencySymbol\">&euro;<\/span><\/span><\/div>\n\t\t\t\t\n\t\t\t\t<div class=\"wp-block-button wc-block-grid__product-add-to-cart\"><a href=\"?add-to-cart=38\" aria-label=\"A\u00f1adir al carrito: &ldquo;Curso Baby Led Weaning&rdquo;\" data-quantity=\"1\" data-product_id=\"38\" data-product_sku=\"\" data-price=\"4\" rel=\"nofollow\" class=\"wp-block-button__link  add_to_cart_button ajax_add_to_cart\">A\u00f1adir al carrito<\/a><\/div>\n\t\t\t<\/li><\/ul><\/div><hr class=\"wp-block-separator\"\/><p class=\"has-text-align-center\">El per\u00edodo de alimentaci\u00f3n complementaria, como tantas otras, es una gran etapa en la vida de los ni\u00f1os y merece la pena disfrutarla en familia en lugar de vivirla bajo presi\u00f3n, porque no se trata de lo que coman sino de que aprendan a comer. Por eso, desde http:\/\/www.maminatura.com pretendemos demostrar que tambi\u00e9n en el \u00e1mbito nutricional la crianza respetuosa es posible y lo hacemos a trav\u00e9s de este curso online centrado en el Baby Led Weaning. El BLW es m\u00e1s que alimentaci\u00f3n autorregulada, es mucho m\u00e1s que nutrici\u00f3n.<\/p><p class=\"has-text-align-center\">Es, entre otras cosas, diversi\u00f3n, exploraci\u00f3n, independencia y, sobre todo, respeto para nuestro beb\u00e9. \u00bfQu\u00e9 hago si s\u00f3lo juega con la comida? \u00bfCubrir\u00e1 sus necesidades nutricionales? \u00bfEs un m\u00e9todo seguro? A lo largo de este curso profundizaremos de manera global en el m\u00e9todo y responderemos a esas y otras muchas cuestiones que habitualmente se presentan cuando una familia se plantea practicarlo o ya ha comenzado a hacerlo.<\/p><p class=\"has-text-align-center\">No se requieren conocimientos previos, ya que partiendo de cero y en base a las recomendaciones oficiales, iremos profundizando de manera progresiva y desarrollando los conceptos y fundamentos cient\u00edficos que respaldan al BLW. Adem\u00e1s el curso incluye trucos, consejos, ejemplos, recetas y mucho m\u00e1s en relaci\u00f3n con la alimentaci\u00f3n de los peque\u00f1os, siempre desde un punto de vista flexible y respetuoso a las necesidades de cada familia.<\/p><p><\/p><hr class=\"wp-block-separator\"\/><p><\/p>","protected":false},"excerpt":{"rendered":"<p>Durante a\u00f1os, \u00e9ste ha sido un curso gratuito BLW online. Esto ha permitido que m\u00e1s de 15.000 familias y profesionales puedan conocer y llevar a cabo el m\u00e9todo de la alimentaci\u00f3n autorregulada Baby Led Weaning de manera responsable y segura. Son esas mismas personas las que, calific\u00e1ndolo como excelente, lo han recomendado una y otra [&hellip;]<\/p>\n","protected":false},"author":1,"featured_media":0,"parent":0,"menu_order":0,"comment_status":"closed","ping_status":"closed","template":"full-width-page.php","meta":{"footnotes":""},"class_list":["post-18","page","type-page","status-publish","hentry"],"_links":{"self":[{"href":"https:\/\/maminatura.com\/index.php\/wp-json\/wp\/v2\/pages\/18","targetHints":{"allow":["GET"]}}],"collection":[{"href":"https:\/\/maminatura.com\/index.php\/wp-json\/wp\/v2\/pages"}],"about":[{"href":"https:\/\/maminatura.com\/index.php\/wp-json\/wp\/v2\/types\/page"}],"author":[{"embeddable":true,"href":"https:\/\/maminatura.com\/index.php\/wp-json\/wp\/v2\/users\/1"}],"replies":[{"embeddable":true,"href":"https:\/\/maminatura.com\/index.php\/wp-json\/wp\/v2\/comments?post=18"}],"version-history":[{"count":9,"href":"https:\/\/maminatura.com\/index.php\/wp-json\/wp\/v2\/pages\/18\/revisions"}],"predecessor-version":[{"id":188,"href":"https:\/\/maminatura.com\/index.php\/wp-json\/wp\/v2\/pages\/18\/revisions\/188"}],"wp:attachment":[{"href":"https:\/\/maminatura.com\/index.php\/wp-json\/wp\/v2\/media?parent=18"}],"curies":[{"name":"wp","href":"https:\/\/api.w.org\/{rel}","templated":true}]}}